{"id":53,"date":"2025-01-01T00:00:41","date_gmt":"2025-01-01T05:00:41","guid":{"rendered":"https:\/\/ogronimo.com\/co\/contact-2\/"},"modified":"2025-08-25T21:30:08","modified_gmt":"2025-08-26T02:30:08","slug":"contacto","status":"publish","type":"page","link":"https:\/\/ogronimo.com\/co\/contacto\/","title":{"rendered":"Contacto"},"content":{"rendered":"\n<p>La mayor\u00eda de nuestro equipo se encuentra en Bogot\u00e1. <\/p>\n\n\n\n<iframe loading=\"lazy\" width=\"90%\" height=\"450px\" src=\"https:\/\/www.openstreetmap.org\/export\/embed.html?bbox=-74.19599533081056%2C4.5911405957303835%2C-74.03772354125978%2C4.722028054654133&amp;layer=mapnik\" style=\"border: 1px solid black\"><\/iframe><br\/><small><a href=\"https:\/\/www.openstreetmap.org\/?#map=13\/4.65659\/-74.11686\" target=\"blank\">Ver el mapa m\u00e1s grande<\/a><\/small>\n\n\n\n<p>Si quieres ponerte en contacto con nosotros puedes escribirnos a <a href=\"mailto:info@ogronimo.com\">info@ogronimo.com<\/a><\/p>\n\n\n\n<p><\/p>\n","protected":false},"excerpt":{"rendered":"<p>La mayor\u00eda de nuestro equipo se encuentra en Bogot\u00e1. Ver el mapa m\u00e1s grande Si quieres ponerte en contacto con nosotros puedes escribirnos a info@ogronimo.com<\/p>\n","protected":false},"author":2,"featured_media":0,"parent":0,"menu_order":0,"comment_status":"closed","ping_status":"closed","template":"","meta":{"footnotes":""},"class_list":["post-53","page","type-page","status-publish","hentry","entry"],"_links":{"self":[{"href":"https:\/\/ogronimo.com\/co\/wp-json\/wp\/v2\/pages\/53","targetHints":{"allow":["GET"]}}],"collection":[{"href":"https:\/\/ogronimo.com\/co\/wp-json\/wp\/v2\/pages"}],"about":[{"href":"https:\/\/ogronimo.com\/co\/wp-json\/wp\/v2\/types\/page"}],"author":[{"embeddable":true,"href":"https:\/\/ogronimo.com\/co\/wp-json\/wp\/v2\/users\/2"}],"replies":[{"embeddable":true,"href":"https:\/\/ogronimo.com\/co\/wp-json\/wp\/v2\/comments?post=53"}],"version-history":[{"count":4,"href":"https:\/\/ogronimo.com\/co\/wp-json\/wp\/v2\/pages\/53\/revisions"}],"predecessor-version":[{"id":245,"href":"https:\/\/ogronimo.com\/co\/wp-json\/wp\/v2\/pages\/53\/revisions\/245"}],"wp:attachment":[{"href":"https:\/\/ogronimo.com\/co\/wp-json\/wp\/v2\/media?parent=53"}],"curies":[{"name":"wp","href":"https:\/\/api.w.org\/{rel}","templated":true}]}}