{"id":3,"date":"2012-12-31T23:59:00","date_gmt":"2013-01-01T04:59:00","guid":{"rendered":"https:\/\/ogronimo.com\/co\/?page_id=3"},"modified":"2025-07-07T08:51:13","modified_gmt":"2025-07-07T13:51:13","slug":"policy","status":"publish","type":"page","link":"https:\/\/ogronimo.com\/co\/policy\/","title":{"rendered":"Pol\u00edtica Editorial"},"content":{"rendered":"\n<h2 class=\"wp-block-heading\">\u00abEncontramos que el period\u00edsmo y la informaci\u00f3n que no cambian nada, que no influyen, que no nos ponen a hablar entre nosotros, no sirve, por esto abrimos el espacio para el Arremolachamiento Colectivo\u00bb<\/h2>\n\n\n\n<figure class=\"wp-block-image size-full\"><img loading=\"lazy\" decoding=\"async\" width=\"940\" height=\"200\" src=\"https:\/\/ogronimo.com\/co\/wp-content\/uploads\/2025\/07\/ogronimonuevo.jpg\" alt=\"\" class=\"wp-image-90\" srcset=\"https:\/\/ogronimo.com\/co\/wp-content\/uploads\/2025\/07\/ogronimonuevo.jpg 940w, https:\/\/ogronimo.com\/co\/wp-content\/uploads\/2025\/07\/ogronimonuevo-300x64.jpg 300w, https:\/\/ogronimo.com\/co\/wp-content\/uploads\/2025\/07\/ogronimonuevo-768x163.jpg 768w\" sizes=\"auto, (max-width: 940px) 100vw, 940px\" \/><\/figure>\n\n\n\n<p><\/p>\n\n\n\n<h2 class=\"wp-block-heading\">Nuestros principios <em>(o porque este blog es para cualquiera)<\/em><\/h2>\n\n\n\n<p><strong>Antifacismo<\/strong>: No nos gustan los discursos de odio, ni los que a\u00f1oran dictaduras, mano dura o superioridad de raza, etnia, g\u00e9nero, clase, &#8230;<\/p>\n\n\n\n<p><strong>Anticapitalismo: <\/strong>Aunque nos sabemos en un sistema capitalista, tambi\u00e9n sabemos que tendr\u00e1 que acabar en alg\u00fan momento. No aceptamos un sistema en el cual la explotaci\u00f3n humana, la inequidad y la apropiaci\u00f3n de la naturaleza se normaliza y se defiende a costa de nosotros mismos.<\/p>\n\n\n\n<p><strong>Antimilitarismo<\/strong>: Si bien parece que la violencia es la partera de la historia, tambi\u00e9n parece que ser\u00e1 la verduga de la humanidad. No apoyamos el armamentismo, el desarrollo nuclear militar, el desarrollo tenol\u00f3gico en la industria militar y la resoluci\u00f3n de conflictos mediante el uso de la violencia.<\/p>\n\n\n\n<p><strong>Antisionismo<\/strong>: Rechazamos el sionismo como ideolog\u00eda colonial y de apartheid. Declaramos toda nuestra solidaridad con la liberaci\u00f3n de Palestina y de una soluci\u00f3n pol\u00edtica, justa y duradera definitiva de este conflicto social.<\/p>\n\n\n\n<p><strong>Equidad de des-g\u00e9nero<\/strong>: Consideramos el g\u00e9nero como una construcci\u00f3n social y normativa contingente a una vida humana satisfactoria, que crea jerarqu\u00edas sociales y mecanismos de exclusi\u00f3n, de dominaci\u00f3n y de explotaci\u00f3n que nos afectan a todas y todos.<\/p>\n\n\n\n<p><strong>Rigurosidad:<\/strong> Nos reimos y nos decantamos sobre el teclado, pero no mentimos. Si opinamos y especulamos lo hacemos con rigurosidad y conciencia cr\u00edtica. Sabemos que si no hay fuentes no hay chisme.<\/p>\n\n\n\n<p><strong>Verdad &gt; Likes: <\/strong>Preferimos perder seguidores que repetir mentiras o divulgar fake news. <\/p>\n\n\n\n<p><strong>Pensamiento cr\u00edtico: <\/strong>No nos gusta tragar entero o que nuestras lectoras traguen entero. Dudar, cuestionar y reirse del poder es nuestro pan de cada d\u00eda.<\/p>\n\n\n\n<h2 class=\"wp-block-heading\">\u00bfC\u00f3mo escribimos?<\/h2>\n\n\n\n<p>El Ogr\u00f3nimo es un espacio de difusi\u00f3n no s\u00f3lamente period\u00edstico. Nos interesa difundir informaci\u00f3n que creemos puede serle \u00fatil a la gente para cr\u00edticar, debatir y transformar la sociedad. Queremos ser un embudo por donde informaci\u00f3n de muchas fuentes y relevante a la sociedad pueda decantarse hacia nuestros lectores.<\/p>\n\n\n\n<p>Mucho del contenido escrito ser\u00e1 original e in\u00e9dito, pero no todo. Muchas veces nos encontramos informaci\u00f3n en Instituciones, en las comunidades y en la Internet, que creemos que debe ser difundida. Copiaremos un art\u00edculo o texto de acceso p\u00fablico, traduciremos otro al espa\u00f1ol o transcribiremos algo que encontremos en alguna plataforma de video. En todos los casos, cuando el contenido no sea nuestro te mostraremos la fuente original donde se ha publicado y reconoceremos los derechos de autor respectivos.<\/p>\n\n\n\n<p>Compartimos informaci\u00f3n p\u00fablica (prensa, canales abiertos de video y audio, redes sociales) o que creemos que deber\u00eda serlo (inform\u00e1ci\u00f3n acad\u00e9mica y cient\u00edfica). Siempre reconoceremos y respetaremos los derechos de las autoras y autores originales de cada trabajo. <\/p>\n\n\n\n<h2 class=\"wp-block-heading\">Lo que no ver\u00e1s aqu\u00ed<\/h2>\n\n\n\n<ul class=\"wp-block-list\">\n<li>No ver\u00e1s fake news o teor\u00edas conspirano\u00edcas.<\/li>\n\n\n\n<li>No hacemos publicidad de empresas explotadoras, grandes corporaciones o todas las que apoyan el genocidio del pueblo palestino.<\/li>\n\n\n\n<li>No toleramos el discurso de odio, la homofobia, el machismo, el racismo, el supremacismo, el etnocentrismo, el tecnocentrismo, etc\u00e9tera.<\/li>\n\n\n\n<li>No hacemos defensa del corporativismo, del imperialismo o de tantos otros ismos&#8230;.<\/li>\n<\/ul>\n\n\n\n<h2 class=\"wp-block-heading\">Lo que s\u00ed prometemos<\/h2>\n\n\n\n<ul class=\"wp-block-list\">\n<li>Contenido que valga la pena<\/li>\n\n\n\n<li>Autocr\u00edtica y rigurosidad<\/li>\n\n\n\n<li>Comunidad Activa<\/li>\n\n\n\n<li>Apoyo a causas sociales justas<\/li>\n<\/ul>\n","protected":false},"excerpt":{"rendered":"<p>\u00abEncontramos que el period\u00edsmo y la informaci\u00f3n que no cambian nada, que no influyen, que no nos ponen a hablar entre nosotros, no sirve, por&#8230;<\/p>\n","protected":false},"author":2,"featured_media":0,"parent":0,"menu_order":0,"comment_status":"closed","ping_status":"closed","template":"","meta":{"footnotes":""},"class_list":["post-3","page","type-page","status-publish","hentry","entry"],"_links":{"self":[{"href":"https:\/\/ogronimo.com\/co\/wp-json\/wp\/v2\/pages\/3","targetHints":{"allow":["GET"]}}],"collection":[{"href":"https:\/\/ogronimo.com\/co\/wp-json\/wp\/v2\/pages"}],"about":[{"href":"https:\/\/ogronimo.com\/co\/wp-json\/wp\/v2\/types\/page"}],"author":[{"embeddable":true,"href":"https:\/\/ogronimo.com\/co\/wp-json\/wp\/v2\/users\/2"}],"replies":[{"embeddable":true,"href":"https:\/\/ogronimo.com\/co\/wp-json\/wp\/v2\/comments?post=3"}],"version-history":[{"count":10,"href":"https:\/\/ogronimo.com\/co\/wp-json\/wp\/v2\/pages\/3\/revisions"}],"predecessor-version":[{"id":109,"href":"https:\/\/ogronimo.com\/co\/wp-json\/wp\/v2\/pages\/3\/revisions\/109"}],"wp:attachment":[{"href":"https:\/\/ogronimo.com\/co\/wp-json\/wp\/v2\/media?parent=3"}],"curies":[{"name":"wp","href":"https:\/\/api.w.org\/{rel}","templated":true}]}}