{"id":2,"date":"2025-06-25T21:17:49","date_gmt":"2025-06-25T21:17:49","guid":{"rendered":"https:\/\/ogronimo.com\/co\/?page_id=2"},"modified":"2025-08-14T23:09:07","modified_gmt":"2025-08-15T04:09:07","slug":"oriente-medio","status":"publish","type":"page","link":"https:\/\/ogronimo.com\/co\/oriente-medio\/","title":{"rendered":"Palestina y Oriente Medio"},"content":{"rendered":"\n<p>En esta p\u00e1gina encontrar\u00e1s art\u00edculos asociados con lo que pasa en Palestina y Oriente Medio. <\/p>\n\n\n\n<div class=\"wp-block-query alignfull is-layout-flow wp-block-query-is-layout-flow\">\n<div class=\"wp-block-group alignfull\" style=\"padding-top:var(--wp--preset--spacing--40);padding-right:var(--wp--preset--spacing--40);padding-bottom:var(--wp--preset--spacing--40);padding-left:var(--wp--preset--spacing--40)\"><div class=\"wp-block-group__inner-container is-layout-flow wp-block-group-is-layout-flow\"><ul style=\"text-transform:none;\" class=\"wp-block-post-template is-layout-flow wp-block-post-template-is-layout-flow\"><li class=\"wp-block-post post-177 post type-post status-publish format-standard has-post-thumbnail hentry category-ia category-israel category-medio-oriente category-palestina tag-reportaje tag-traduccion entry\">\n\n<div class=\"wp-block-group is-content-justification-left\"><div class=\"wp-block-group__inner-container is-layout-constrained wp-container-core-group-is-layout-b4bdc4c8 wp-block-group-is-layout-constrained\">\n<div class=\"wp-block-group is-vertical is-layout-flex wp-container-core-group-is-layout-438e4d21 wp-block-group-is-layout-flex\" style=\"padding-bottom:var(--wp--preset--spacing--80)\">\n<div class=\"wp-block-group\" style=\"margin-top:0;margin-bottom:0\"><div class=\"wp-block-group__inner-container is-layout-constrained wp-block-group-is-layout-constrained\"><h2 style=\"font-size:2rem;font-style:normal;font-weight:600;line-height:1;\" class=\"has-link-color wp-elements-0616e40298cd7b54ec43ea2a560eaa05 wp-block-post-title has-text-color has-contrast-color\"><a href=\"https:\/\/ogronimo.com\/co\/2025-08\/la-ia-lo-hizo-friamente-israel-37000-objetivoss\/\" target=\"_self\" >\u00abLa M\u00e1quina lo hizo fr\u00edamente\u00bb: Israel utiliz\u00f3 IA para identificar 37.000 objetivos de Ham\u00e1s<\/a><\/h2>\n\n<div style=\"font-size:0.9rem;letter-spacing:1px; margin-top:0;margin-right:0;margin-bottom:0;margin-left:0;\" class=\"has-text-align-left has-link-color wp-elements-5599b62b56904c5408ce764ba1a18b73 wp-block-post-date has-text-color has-contrast-color\"><time datetime=\"2025-08-10T21:31:00-05:00\">8\/10\/2025<\/time><\/div>\n\n<figure class=\"wp-block-post-featured-image wp-duotone-grayscale\"><img loading=\"lazy\" decoding=\"async\" width=\"1900\" height=\"1267\" src=\"https:\/\/ogronimo.com\/co\/wp-content\/uploads\/2025\/08\/image-6.png\" class=\"attachment-post-thumbnail size-post-thumbnail wp-post-image\" alt=\"\" style=\"object-fit:cover;\" srcset=\"https:\/\/ogronimo.com\/co\/wp-content\/uploads\/2025\/08\/image-6.png 1900w, https:\/\/ogronimo.com\/co\/wp-content\/uploads\/2025\/08\/image-6-300x200.png 300w, https:\/\/ogronimo.com\/co\/wp-content\/uploads\/2025\/08\/image-6-1024x683.png 1024w, https:\/\/ogronimo.com\/co\/wp-content\/uploads\/2025\/08\/image-6-768x512.png 768w, https:\/\/ogronimo.com\/co\/wp-content\/uploads\/2025\/08\/image-6-1536x1024.png 1536w\" sizes=\"auto, (max-width: 1900px) 100vw, 1900px\" \/><\/figure>\n\n<div style=\"font-size:15px;line-height:1.7;\" class=\"wp-block-post-excerpt\"><p class=\"wp-block-post-excerpt__excerpt\">Fuentes de inteligencia israel\u00edes revelan el uso del sistema &#8216;Lavanda&#8217; en la guerra de Gaza y afirman que se les dio permiso para matar civiles en la persecuci\u00f3n de militantes de bajo rango. <\/p><\/div><\/div><\/div>\n<\/div>\n<\/div><\/div>\n\n<\/li><li class=\"wp-block-post post-137 post type-post status-publish format-standard hentry category-geop category-israel category-medio-oriente category-palestina tag-onu tag-reporte tag-traduccion entry\">\n\n<div class=\"wp-block-group is-content-justification-left\"><div class=\"wp-block-group__inner-container is-layout-constrained wp-container-core-group-is-layout-b4bdc4c8 wp-block-group-is-layout-constrained\">\n<div class=\"wp-block-group is-vertical is-layout-flex wp-container-core-group-is-layout-438e4d21 wp-block-group-is-layout-flex\" style=\"padding-bottom:var(--wp--preset--spacing--80)\">\n<div class=\"wp-block-group\" style=\"margin-top:0;margin-bottom:0\"><div class=\"wp-block-group__inner-container is-layout-constrained wp-block-group-is-layout-constrained\"><h2 style=\"font-size:2rem;font-style:normal;font-weight:600;line-height:1;\" class=\"has-link-color wp-elements-0616e40298cd7b54ec43ea2a560eaa05 wp-block-post-title has-text-color has-contrast-color\"><a href=\"https:\/\/ogronimo.com\/co\/2025-07\/economia-del-genocidio\/\" target=\"_self\" >De la econom\u00eda de la ocupaci\u00f3n a la econom\u00eda del genocidio<\/a><\/h2>\n\n<div style=\"font-size:0.9rem;letter-spacing:1px; margin-top:0;margin-right:0;margin-bottom:0;margin-left:0;\" class=\"has-text-align-left has-link-color wp-elements-5599b62b56904c5408ce764ba1a18b73 wp-block-post-date has-text-color has-contrast-color\"><time datetime=\"2025-07-24T23:59:00-05:00\">7\/24\/2025<\/time><\/div>\n\n\n\n<div style=\"font-size:15px;line-height:1.7;\" class=\"wp-block-post-excerpt\"><p class=\"wp-block-post-excerpt__excerpt\">Con motivo de la Cumbre sobre Gaza, celebrada en Colombia el 14 de Julio de 2025 y donde particip\u00f3 la Relatora Especial sobre la situaci\u00f3n&#8230; <\/p><\/div><\/div><\/div>\n<\/div>\n<\/div><\/div>\n\n<\/li><\/ul><\/div><\/div>\n\n\n\n<div class=\"wp-block-group is-content-justification-left\" style=\"margin-top:0;margin-bottom:0;padding-top:0;padding-right:var(--wp--preset--spacing--40);padding-bottom:var(--wp--preset--spacing--40);padding-left:var(--wp--preset--spacing--40)\"><div class=\"wp-block-group__inner-container is-layout-constrained wp-container-core-group-is-layout-4f3b647b wp-block-group-is-layout-constrained\"><\/div><\/div>\n<\/div>\n","protected":false},"excerpt":{"rendered":"<p>En esta p\u00e1gina encontrar\u00e1s art\u00edculos asociados con lo que pasa en Palestina y Oriente Medio.<\/p>\n","protected":false},"author":1,"featured_media":0,"parent":0,"menu_order":0,"comment_status":"closed","ping_status":"closed","template":"","meta":{"footnotes":""},"class_list":["post-2","page","type-page","status-publish","hentry","entry"],"_links":{"self":[{"href":"https:\/\/ogronimo.com\/co\/wp-json\/wp\/v2\/pages\/2","targetHints":{"allow":["GET"]}}],"collection":[{"href":"https:\/\/ogronimo.com\/co\/wp-json\/wp\/v2\/pages"}],"about":[{"href":"https:\/\/ogronimo.com\/co\/wp-json\/wp\/v2\/types\/page"}],"author":[{"embeddable":true,"href":"https:\/\/ogronimo.com\/co\/wp-json\/wp\/v2\/users\/1"}],"replies":[{"embeddable":true,"href":"https:\/\/ogronimo.com\/co\/wp-json\/wp\/v2\/comments?post=2"}],"version-history":[{"count":4,"href":"https:\/\/ogronimo.com\/co\/wp-json\/wp\/v2\/pages\/2\/revisions"}],"predecessor-version":[{"id":195,"href":"https:\/\/ogronimo.com\/co\/wp-json\/wp\/v2\/pages\/2\/revisions\/195"}],"wp:attachment":[{"href":"https:\/\/ogronimo.com\/co\/wp-json\/wp\/v2\/media?parent=2"}],"curies":[{"name":"wp","href":"https:\/\/api.w.org\/{rel}","templated":true}]}}